{"id":3228,"date":"2023-09-05T14:30:05","date_gmt":"2023-09-05T14:30:05","guid":{"rendered":"https:\/\/savs.me\/product\/3-kg-pulver-abc\/"},"modified":"2023-11-16T09:32:55","modified_gmt":"2023-11-16T09:32:55","slug":"3-kg-pulver-abc","status":"publish","type":"product","link":"https:\/\/savs.me\/de\/produkt\/3-kg-pulver-abc\/","title":{"rendered":"3 kg Pulver ABC"},"content":{"rendered":"\t\t<div data-elementor-type=\"product-post\" data-elementor-id=\"3228\" class=\"elementor elementor-3228 elementor-2085\" data-elementor-post-type=\"product\">\n\t\t\t\t\t\t<section class=\"elementor-section elementor-top-section elementor-element elementor-element-7bff0a45 elementor-section-boxed elementor-section-height-default elementor-section-height-default\" data-id=\"7bff0a45\" data-element_type=\"section\" data-e-type=\"section\">\n\t\t\t\t\t\t<div class=\"elementor-container elementor-column-gap-default\">\n\t\t\t\t\t<div class=\"elementor-column elementor-col-50 elementor-top-column elementor-element elementor-element-2dc3b34d\" data-id=\"2dc3b34d\" data-element_type=\"column\" data-e-type=\"column\">\n\t\t\t<div class=\"elementor-widget-wrap elementor-element-populated\">\n\t\t\t\t\t\t<div class=\"elementor-element elementor-element-135f0caa elementor-widget__width-initial color-scheme-inherit text-left elementor-widget elementor-widget-text-editor\" data-id=\"135f0caa\" data-element_type=\"widget\" data-e-type=\"widget\" data-widget_type=\"text-editor.default\">\n\t\t\t\t<div class=\"elementor-widget-container\">\n\t\t\t\t\t\t\t\t\t<p><span style=\"color: var(--wd-title-color); font-family: var(--wd-title-font); font-size: 18px; font-style: var(--wd-title-font-style); font-weight: var(--wd-title-font-weight); text-transform: var(--wd-title-transform); background-color: var(--wd-main-bgcolor);\">Vorteile<\/span><\/p>\n<ol>\n<li><strong>Zuverl\u00e4ssigkeit der Marke:<\/strong> SAVS ist eine bekannte europ\u00e4ische Marke, die f\u00fcr die Herstellung hochwertiger Brandschutzprodukte bekannt ist.<\/li>\n<li><strong>Vielseitigkeit:<\/strong> Die ABC-Klassifizierung gew\u00e4hrleistet, dass es f\u00fcr mehrere Brandarten geeignet ist.<\/li>\n<li><strong>Sicherheitsgarantie:<\/strong> Eingebautes Manometer zur Druck\u00fcberwachung in Echtzeit.<\/li>\n<li><strong>Umweltfreundlich:<\/strong> Verwendet ein nicht-toxisches L\u00f6schmittel.<\/li>\n<\/ol>\n<h4>Was ist enthalten?<\/h4>\n<ul>\n<li>1 x SAVS 1kg ABC Feuerl\u00f6scher<\/li>\n<li>1 x Montageb\u00fcgel<\/li>\n<li>1 x Gebrauchsanweisung<\/li>\n<\/ul>\n<h4>Garantie<\/h4>\n<p>5 Jahre<\/p>\t\t\t\t\t\t\t\t<\/div>\n\t\t\t\t<\/div>\n\t\t\t\t\t<\/div>\n\t\t<\/div>\n\t\t\t\t<div class=\"elementor-column elementor-col-50 elementor-top-column elementor-element elementor-element-a3664eb\" data-id=\"a3664eb\" data-element_type=\"column\" data-e-type=\"column\">\n\t\t\t<div class=\"elementor-widget-wrap elementor-element-populated\">\n\t\t\t\t\t\t<div class=\"elementor-element elementor-element-e038030 color-scheme-inherit text-left elementor-widget elementor-widget-text-editor\" data-id=\"e038030\" data-element_type=\"widget\" data-e-type=\"widget\" data-widget_type=\"text-editor.default\">\n\t\t\t\t<div class=\"elementor-widget-container\">\n\t\t\t\t\t\t\t\t\t<ul>\n<li><strong>Hochwertige Materialien:<\/strong> Aus robustem Metall und einer korrosionsbest\u00e4ndigen Beschichtung gefertigt, ist dieser Feuerl\u00f6scher f\u00fcr eine lange Lebensdauer ausgelegt.<\/li>\n<li><strong>Einfach zu bedienen:<\/strong> Ein benutzerfreundlicher Mechanismus sorgt f\u00fcr eine schnelle Aktivierung in Notf\u00e4llen und erfordert nur minimalen Schulungsaufwand.<\/li>\n<li><strong>Entspricht den europ\u00e4ischen Normen: Zertifiziert nach EN3-Normen und mit dem CE-Zeichen versehen, das die strengen europ\u00e4ischen Sicherheitsvorschriften erf\u00fcllt.<\/strong><\/li>\n<li><strong>Vielseitig einsetzbar:<\/strong> Wirksam gegen Br\u00e4nde der Klassen A, B und C, was es zu einer umfassenden Sicherheitsl\u00f6sung f\u00fcr private und gesch\u00e4ftliche Umgebungen macht.<\/li>\n<li><strong>Kompaktes Design:<\/strong> Dank seines Gewichts von 1 kg und seines ergonomischen Designs ist er leicht zu handhaben und zu verstauen &#8211; ideal f\u00fcr enge R\u00e4ume.<\/li>\n<\/ul>\n<h4>Vorteile<\/h4>\n<ol>\n<li><strong>Zuverl\u00e4ssigkeit der Marke:<\/strong> SAVS ist eine bekannte europ\u00e4ische Marke, die f\u00fcr die Herstellung hochwertiger Brandschutzprodukte bekannt ist.<\/li>\n<li><strong>Vielseitigkeit:<\/strong> Die ABC-Klassifizierung gew\u00e4hrleistet, dass es f\u00fcr mehrere Brandarten geeignet ist.<\/li>\n<li><strong>Sicherheitsgarantie:<\/strong> Eingebautes Manometer zur Druck\u00fcberwachung in Echtzeit.<\/li>\n<li><strong>Umweltfreundlich:<\/strong> Verwendet ein nicht-toxisches L\u00f6schmittel.<\/li>\n<\/ol>\n<h4>Was ist enthalten?<\/h4>\n<ul>\n<li>1 x SAVS 1kg ABC Feuerl\u00f6scher<\/li>\n<li>1 x Montageb\u00fcgel<\/li>\n<li>1 x Gebrauchsanweisung<\/li>\n<\/ul>\n<h4>Garantie<\/h4>\n<p>Der SAVS 1kg ABC-Feuerl\u00f6scher wird mit einer standardm\u00e4\u00dfigen 5-Jahres-Herstellergarantie geliefert, so dass Sie auch in den kommenden Jahren beruhigt sein k\u00f6nnen.<\/p>\n<p>Erh\u00f6hen Sie Ihre Sicherheitsma\u00dfnahmen mit diesem erstklassigen Feuerl\u00f6scher. Ob im privaten, gewerblichen oder industriellen Bereich, der SAVS 1kg ABC-Feuerl\u00f6scher ist Ihre erste Wahl f\u00fcr zuverl\u00e4ssigen Brandschutz. Bestellen Sie noch heute und seien Sie auf jeden Brandfall vorbereitet.<\/p>\n\t\t\t\t\t\t\t\t<\/div>\n\t\t\t\t<\/div>\n\t\t\t\t\t<\/div>\n\t\t<\/div>\n\t\t\t\t\t<\/div>\n\t\t<\/section>\n\t\t\t\t<\/div>\n\t\t","protected":false},"excerpt":{"rendered":"<p>Vorteile Zuverl\u00e4ssigkeit der Marke: SAVS ist eine bekannte europ\u00e4ische Marke, die f\u00fcr die Herstellung hochwertiger Brandschutzprodukte bekannt ist. Vielseitigkeit: Die<\/p>\n","protected":false},"featured_media":4608,"template":"","meta":{"_acf_changed":false},"product_brand":[],"product_cat":[142],"product_tag":[153],"class_list":{"0":"post-3228","1":"product","2":"type-product","3":"status-publish","4":"has-post-thumbnail","6":"product_cat-feuerloescher","7":"product_tag-pulver","9":"first","10":"instock","11":"taxable","12":"shipping-taxable","13":"product-type-simple"},"acf":[],"yoast_head":"<!-- This site is optimized with the Yoast SEO plugin v27.0 - https:\/\/yoast.com\/product\/yoast-seo-wordpress\/ -->\n<title>3 kg Pulver ABC - SAVS<\/title>\n<meta name=\"robots\" content=\"index, follow, max-snippet:-1, max-image-preview:large, max-video-preview:-1\" \/>\n<link rel=\"canonical\" href=\"https:\/\/savs.me\/de\/produkt\/3-kg-pulver-abc\/\" \/>\n<meta property=\"og:locale\" content=\"de_DE\" \/>\n<meta property=\"og:type\" content=\"article\" \/>\n<meta property=\"og:title\" content=\"3 kg Pulver ABC - SAVS\" \/>\n<meta property=\"og:description\" content=\"Vorteile Zuverl\u00e4ssigkeit der Marke: SAVS ist eine bekannte europ\u00e4ische Marke, die f\u00fcr die Herstellung hochwertiger Brandschutzprodukte bekannt ist. Vielseitigkeit: Die\" \/>\n<meta property=\"og:url\" content=\"https:\/\/savs.me\/de\/produkt\/3-kg-pulver-abc\/\" \/>\n<meta property=\"og:site_name\" content=\"SAVS\" \/>\n<meta property=\"article:modified_time\" content=\"2023-11-16T09:32:55+00:00\" \/>\n<meta property=\"og:image\" content=\"https:\/\/savs.me\/wp-content\/uploads\/2024\/08\/SAVS-blusser-3kg-poeder-brandblusser-e1726680905696.webp\" \/>\n\t<meta property=\"og:image:width\" content=\"2500\" \/>\n\t<meta property=\"og:image:height\" content=\"2500\" \/>\n\t<meta property=\"og:image:type\" content=\"image\/jpeg\" \/>\n<meta name=\"twitter:card\" content=\"summary_large_image\" \/>\n<meta name=\"twitter:label1\" content=\"Gesch\u00e4tzte Lesezeit\" \/>\n\t<meta name=\"twitter:data1\" content=\"2\u00a0Minuten\" \/>\n<script type=\"application\/ld+json\" class=\"yoast-schema-graph\">{\"@context\":\"https:\/\/schema.org\",\"@graph\":[{\"@type\":\"WebPage\",\"@id\":\"https:\/\/savs.me\/de\/produkt\/3-kg-pulver-abc\/\",\"url\":\"https:\/\/savs.me\/de\/produkt\/3-kg-pulver-abc\/\",\"name\":\"3 kg Pulver ABC - SAVS\",\"isPartOf\":{\"@id\":\"https:\/\/savs.me\/de\/#website\"},\"primaryImageOfPage\":{\"@id\":\"https:\/\/savs.me\/de\/produkt\/3-kg-pulver-abc\/#primaryimage\"},\"image\":{\"@id\":\"https:\/\/savs.me\/de\/produkt\/3-kg-pulver-abc\/#primaryimage\"},\"thumbnailUrl\":\"https:\/\/savs.me\/wp-content\/uploads\/2024\/08\/SAVS-blusser-3kg-poeder-brandblusser-e1726680905696.webp\",\"datePublished\":\"2023-09-05T14:30:05+00:00\",\"dateModified\":\"2023-11-16T09:32:55+00:00\",\"breadcrumb\":{\"@id\":\"https:\/\/savs.me\/de\/produkt\/3-kg-pulver-abc\/#breadcrumb\"},\"inLanguage\":\"de\",\"potentialAction\":[{\"@type\":\"ReadAction\",\"target\":[\"https:\/\/savs.me\/de\/produkt\/3-kg-pulver-abc\/\"]}]},{\"@type\":\"ImageObject\",\"inLanguage\":\"de\",\"@id\":\"https:\/\/savs.me\/de\/produkt\/3-kg-pulver-abc\/#primaryimage\",\"url\":\"https:\/\/savs.me\/wp-content\/uploads\/2024\/08\/SAVS-blusser-3kg-poeder-brandblusser-e1726680905696.webp\",\"contentUrl\":\"https:\/\/savs.me\/wp-content\/uploads\/2024\/08\/SAVS-blusser-3kg-poeder-brandblusser-e1726680905696.webp\",\"width\":2500,\"height\":2500},{\"@type\":\"BreadcrumbList\",\"@id\":\"https:\/\/savs.me\/de\/produkt\/3-kg-pulver-abc\/#breadcrumb\",\"itemListElement\":[{\"@type\":\"ListItem\",\"position\":1,\"name\":\"Home\",\"item\":\"https:\/\/savs.me\/de\/\"},{\"@type\":\"ListItem\",\"position\":2,\"name\":\"Shop\",\"item\":\"https:\/\/savs.me\/de\/shop\/\"},{\"@type\":\"ListItem\",\"position\":3,\"name\":\"3 kg Pulver ABC\"}]},{\"@type\":\"WebSite\",\"@id\":\"https:\/\/savs.me\/de\/#website\",\"url\":\"https:\/\/savs.me\/de\/\",\"name\":\"SAVS\",\"description\":\"Saves Lives\",\"publisher\":{\"@id\":\"https:\/\/savs.me\/de\/#organization\"},\"potentialAction\":[{\"@type\":\"SearchAction\",\"target\":{\"@type\":\"EntryPoint\",\"urlTemplate\":\"https:\/\/savs.me\/de\/?s={search_term_string}\"},\"query-input\":{\"@type\":\"PropertyValueSpecification\",\"valueRequired\":true,\"valueName\":\"search_term_string\"}}],\"inLanguage\":\"de\"},{\"@type\":\"Organization\",\"@id\":\"https:\/\/savs.me\/de\/#organization\",\"name\":\"SAVS\",\"url\":\"https:\/\/savs.me\/de\/\",\"logo\":{\"@type\":\"ImageObject\",\"inLanguage\":\"de\",\"@id\":\"https:\/\/savs.me\/de\/#\/schema\/logo\/image\/\",\"url\":\"https:\/\/savs.me\/wp-content\/uploads\/2023\/07\/SAVS_logo_payoff_right_360.jpg\",\"contentUrl\":\"https:\/\/savs.me\/wp-content\/uploads\/2023\/07\/SAVS_logo_payoff_right_360.jpg\",\"width\":419,\"height\":129,\"caption\":\"SAVS\"},\"image\":{\"@id\":\"https:\/\/savs.me\/de\/#\/schema\/logo\/image\/\"}}]}<\/script>\n<!-- \/ Yoast SEO plugin. -->","yoast_head_json":{"title":"3 kg Pulver ABC - SAVS","robots":{"index":"index","follow":"follow","max-snippet":"max-snippet:-1","max-image-preview":"max-image-preview:large","max-video-preview":"max-video-preview:-1"},"canonical":"https:\/\/savs.me\/de\/produkt\/3-kg-pulver-abc\/","og_locale":"de_DE","og_type":"article","og_title":"3 kg Pulver ABC - SAVS","og_description":"Vorteile Zuverl\u00e4ssigkeit der Marke: SAVS ist eine bekannte europ\u00e4ische Marke, die f\u00fcr die Herstellung hochwertiger Brandschutzprodukte bekannt ist. Vielseitigkeit: Die","og_url":"https:\/\/savs.me\/de\/produkt\/3-kg-pulver-abc\/","og_site_name":"SAVS","article_modified_time":"2023-11-16T09:32:55+00:00","og_image":[{"width":2500,"height":2500,"url":"https:\/\/savs.me\/wp-content\/uploads\/2024\/08\/SAVS-blusser-3kg-poeder-brandblusser-e1726680905696.webp","type":"image\/jpeg"}],"twitter_card":"summary_large_image","twitter_misc":{"Gesch\u00e4tzte Lesezeit":"2\u00a0Minuten"},"schema":{"@context":"https:\/\/schema.org","@graph":[{"@type":"WebPage","@id":"https:\/\/savs.me\/de\/produkt\/3-kg-pulver-abc\/","url":"https:\/\/savs.me\/de\/produkt\/3-kg-pulver-abc\/","name":"3 kg Pulver ABC - SAVS","isPartOf":{"@id":"https:\/\/savs.me\/de\/#website"},"primaryImageOfPage":{"@id":"https:\/\/savs.me\/de\/produkt\/3-kg-pulver-abc\/#primaryimage"},"image":{"@id":"https:\/\/savs.me\/de\/produkt\/3-kg-pulver-abc\/#primaryimage"},"thumbnailUrl":"https:\/\/savs.me\/wp-content\/uploads\/2024\/08\/SAVS-blusser-3kg-poeder-brandblusser-e1726680905696.webp","datePublished":"2023-09-05T14:30:05+00:00","dateModified":"2023-11-16T09:32:55+00:00","breadcrumb":{"@id":"https:\/\/savs.me\/de\/produkt\/3-kg-pulver-abc\/#breadcrumb"},"inLanguage":"de","potentialAction":[{"@type":"ReadAction","target":["https:\/\/savs.me\/de\/produkt\/3-kg-pulver-abc\/"]}]},{"@type":"ImageObject","inLanguage":"de","@id":"https:\/\/savs.me\/de\/produkt\/3-kg-pulver-abc\/#primaryimage","url":"https:\/\/savs.me\/wp-content\/uploads\/2024\/08\/SAVS-blusser-3kg-poeder-brandblusser-e1726680905696.webp","contentUrl":"https:\/\/savs.me\/wp-content\/uploads\/2024\/08\/SAVS-blusser-3kg-poeder-brandblusser-e1726680905696.webp","width":2500,"height":2500},{"@type":"BreadcrumbList","@id":"https:\/\/savs.me\/de\/produkt\/3-kg-pulver-abc\/#breadcrumb","itemListElement":[{"@type":"ListItem","position":1,"name":"Home","item":"https:\/\/savs.me\/de\/"},{"@type":"ListItem","position":2,"name":"Shop","item":"https:\/\/savs.me\/de\/shop\/"},{"@type":"ListItem","position":3,"name":"3 kg Pulver ABC"}]},{"@type":"WebSite","@id":"https:\/\/savs.me\/de\/#website","url":"https:\/\/savs.me\/de\/","name":"SAVS","description":"Saves Lives","publisher":{"@id":"https:\/\/savs.me\/de\/#organization"},"potentialAction":[{"@type":"SearchAction","target":{"@type":"EntryPoint","urlTemplate":"https:\/\/savs.me\/de\/?s={search_term_string}"},"query-input":{"@type":"PropertyValueSpecification","valueRequired":true,"valueName":"search_term_string"}}],"inLanguage":"de"},{"@type":"Organization","@id":"https:\/\/savs.me\/de\/#organization","name":"SAVS","url":"https:\/\/savs.me\/de\/","logo":{"@type":"ImageObject","inLanguage":"de","@id":"https:\/\/savs.me\/de\/#\/schema\/logo\/image\/","url":"https:\/\/savs.me\/wp-content\/uploads\/2023\/07\/SAVS_logo_payoff_right_360.jpg","contentUrl":"https:\/\/savs.me\/wp-content\/uploads\/2023\/07\/SAVS_logo_payoff_right_360.jpg","width":419,"height":129,"caption":"SAVS"},"image":{"@id":"https:\/\/savs.me\/de\/#\/schema\/logo\/image\/"}}]}},"_links":{"self":[{"href":"https:\/\/savs.me\/de\/wp-json\/wp\/v2\/product\/3228","targetHints":{"allow":["GET"]}}],"collection":[{"href":"https:\/\/savs.me\/de\/wp-json\/wp\/v2\/product"}],"about":[{"href":"https:\/\/savs.me\/de\/wp-json\/wp\/v2\/types\/product"}],"version-history":[{"count":0,"href":"https:\/\/savs.me\/de\/wp-json\/wp\/v2\/product\/3228\/revisions"}],"wp:featuredmedia":[{"embeddable":true,"href":"https:\/\/savs.me\/de\/wp-json\/wp\/v2\/media\/4608"}],"wp:attachment":[{"href":"https:\/\/savs.me\/de\/wp-json\/wp\/v2\/media?parent=3228"}],"wp:term":[{"taxonomy":"product_brand","embeddable":true,"href":"https:\/\/savs.me\/de\/wp-json\/wp\/v2\/product_brand?post=3228"},{"taxonomy":"product_cat","embeddable":true,"href":"https:\/\/savs.me\/de\/wp-json\/wp\/v2\/product_cat?post=3228"},{"taxonomy":"product_tag","embeddable":true,"href":"https:\/\/savs.me\/de\/wp-json\/wp\/v2\/product_tag?post=3228"}],"curies":[{"name":"wp","href":"https:\/\/api.w.org\/{rel}","templated":true}]}}