{"id":3006,"date":"2023-07-07T13:38:39","date_gmt":"2023-07-07T13:38:39","guid":{"rendered":"https:\/\/savs.me\/smart-home\/"},"modified":"2023-11-07T14:42:03","modified_gmt":"2023-11-07T14:42:03","slug":"smart-home","status":"publish","type":"page","link":"https:\/\/savs.me\/de\/smart-home\/","title":{"rendered":"Smart Home"},"content":{"rendered":"\t\t<div data-elementor-type=\"wp-page\" data-elementor-id=\"3006\" class=\"elementor elementor-3006 elementor-278\" data-elementor-post-type=\"page\">\n\t\t\t\t\t\t<section class=\"elementor-section elementor-top-section elementor-element elementor-element-5382bd4 elementor-section-stretched elementor-section-boxed elementor-section-height-default elementor-section-height-default\" data-id=\"5382bd4\" data-element_type=\"section\" data-e-type=\"section\" data-settings=\"{&quot;background_background&quot;:&quot;classic&quot;,&quot;background_motion_fx_motion_fx_scrolling&quot;:&quot;yes&quot;,&quot;stretch_section&quot;:&quot;section-stretched&quot;,&quot;background_motion_fx_devices&quot;:[&quot;desktop&quot;,&quot;tablet&quot;,&quot;mobile&quot;]}\">\n\t\t\t\t\t\t<div class=\"elementor-container elementor-column-gap-default\">\n\t\t\t\t\t<div class=\"elementor-column elementor-col-50 elementor-top-column elementor-element elementor-element-50dc955c\" data-id=\"50dc955c\" data-element_type=\"column\" data-e-type=\"column\">\n\t\t\t<div class=\"elementor-widget-wrap elementor-element-populated\">\n\t\t\t\t\t\t<div class=\"elementor-element elementor-element-3ff68179 elementor-widget__width-initial elementor-widget elementor-widget-heading\" data-id=\"3ff68179\" data-element_type=\"widget\" data-e-type=\"widget\" data-widget_type=\"heading.default\">\n\t\t\t\t<div class=\"elementor-widget-container\">\n\t\t\t\t\t<h2 class=\"elementor-heading-title elementor-size-default\">Verbinden mit RF und WiFi<\/h2>\t\t\t\t<\/div>\n\t\t\t\t<\/div>\n\t\t\t\t<div class=\"elementor-element elementor-element-425d51c7 elementor-widget__width-initial elementor-widget-mobile__width-inherit elementor-widget elementor-widget-heading\" data-id=\"425d51c7\" data-element_type=\"widget\" data-e-type=\"widget\" data-widget_type=\"heading.default\">\n\t\t\t\t<div class=\"elementor-widget-container\">\n\t\t\t\t\t<h2 class=\"elementor-heading-title elementor-size-default\">Smart Home Melder Serie<\/h2>\t\t\t\t<\/div>\n\t\t\t\t<\/div>\n\t\t\t\t<div class=\"elementor-element elementor-element-3e42bd8f elementor-widget__width-initial elementor-widget-mobile__width-inherit color-scheme-inherit text-left elementor-widget elementor-widget-text-editor\" data-id=\"3e42bd8f\" data-element_type=\"widget\" data-e-type=\"widget\" data-widget_type=\"text-editor.default\">\n\t\t\t\t<div class=\"elementor-widget-container\">\n\t\t\t\t\t\t\t\t\t<p>Machen Sie sich bereit f\u00fcr ein komplettes Sortiment an Meldern mit WiFi- und RF-Konnektivit\u00e4t. Verbinden Sie Ihre Rauch-, Kohlenmonoxid- und W\u00e4rmemelder&nbsp; Mit WiFi. \u00dcberwachen und verwalten Sie Ihre Melder, wo immer Sie sind.&nbsp;<\/p>\n<p>Der Start in Europa ist f\u00fcr Ende 2023 geplant.<\/p>\t\t\t\t\t\t\t\t<\/div>\n\t\t\t\t<\/div>\n\t\t\t\t\t<\/div>\n\t\t<\/div>\n\t\t\t\t<div class=\"elementor-column elementor-col-50 elementor-top-column elementor-element elementor-element-774b273e\" data-id=\"774b273e\" data-element_type=\"column\" data-e-type=\"column\">\n\t\t\t<div class=\"elementor-widget-wrap\">\n\t\t\t\t\t\t\t<\/div>\n\t\t<\/div>\n\t\t\t\t\t<\/div>\n\t\t<\/section>\n\t\t\t\t<section class=\"elementor-section elementor-top-section elementor-element elementor-element-39472d41 elementor-section-boxed elementor-section-height-default elementor-section-height-default\" data-id=\"39472d41\" data-element_type=\"section\" data-e-type=\"section\" data-settings=\"{&quot;background_background&quot;:&quot;classic&quot;}\">\n\t\t\t\t\t\t<div class=\"elementor-container elementor-column-gap-default\">\n\t\t\t\t\t<div class=\"elementor-column elementor-col-100 elementor-top-column elementor-element elementor-element-4d74508b\" data-id=\"4d74508b\" data-element_type=\"column\" data-e-type=\"column\">\n\t\t\t<div class=\"elementor-widget-wrap elementor-element-populated\">\n\t\t\t\t\t\t<section class=\"elementor-section elementor-inner-section elementor-element elementor-element-60822140 elementor-section-boxed elementor-section-height-default elementor-section-height-default\" data-id=\"60822140\" data-element_type=\"section\" data-e-type=\"section\">\n\t\t\t\t\t\t<div class=\"elementor-container elementor-column-gap-default\">\n\t\t\t\t\t<div class=\"elementor-column elementor-col-100 elementor-inner-column elementor-element elementor-element-317758aa\" data-id=\"317758aa\" data-element_type=\"column\" data-e-type=\"column\">\n\t\t\t<div class=\"elementor-widget-wrap elementor-element-populated\">\n\t\t\t\t\t\t<div class=\"elementor-element elementor-element-6948e8bd elementor-widget elementor-widget-heading\" data-id=\"6948e8bd\" data-element_type=\"widget\" data-e-type=\"widget\" data-widget_type=\"heading.default\">\n\t\t\t\t<div class=\"elementor-widget-container\">\n\t\t\t\t\t<h2 class=\"elementor-heading-title elementor-size-default\">Wiederverk\u00e4ufer werden<\/h2>\t\t\t\t<\/div>\n\t\t\t\t<\/div>\n\t\t\t\t\t<\/div>\n\t\t<\/div>\n\t\t\t\t\t<\/div>\n\t\t<\/section>\n\t\t\t\t<section class=\"elementor-section elementor-inner-section elementor-element elementor-element-58183807 elementor-section-boxed elementor-section-height-default elementor-section-height-default\" data-id=\"58183807\" data-element_type=\"section\" data-e-type=\"section\">\n\t\t\t\t\t\t<div class=\"elementor-container elementor-column-gap-default\">\n\t\t\t\t\t<div class=\"elementor-column elementor-col-33 elementor-inner-column elementor-element elementor-element-20ea588c\" data-id=\"20ea588c\" data-element_type=\"column\" data-e-type=\"column\">\n\t\t\t<div class=\"elementor-widget-wrap elementor-element-populated\">\n\t\t\t\t\t\t<div class=\"elementor-element elementor-element-768831a4 elementor-view-default elementor-position-block-start elementor-mobile-position-block-start elementor-widget elementor-widget-icon-box\" data-id=\"768831a4\" data-element_type=\"widget\" data-e-type=\"widget\" data-widget_type=\"icon-box.default\">\n\t\t\t\t<div class=\"elementor-widget-container\">\n\t\t\t\t\t\t\t<div class=\"elementor-icon-box-wrapper\">\n\n\t\t\t\t\t\t<div class=\"elementor-icon-box-icon\">\n\t\t\t\t<span  class=\"elementor-icon\">\n\t\t\t\t<svg xmlns=\"http:\/\/www.w3.org\/2000\/svg\" width=\"68\" height=\"68\" viewBox=\"0 0 68 68\" fill=\"none\"><path d=\"M45.2629 13.1522L45.2703 13.1552L45.2778 13.1576L65.0594 19.6151C65.6529 19.8545 66.0503 20.3817 66.0503 21.0104L66.0529 46.9198C66.0529 47.5662 65.6401 48.1414 65.0755 48.3113L65.0754 48.3112L65.0691 48.3133L45.2798 54.8423L45.2781 54.8429C45.1154 54.8979 45.0156 54.8988 44.8136 54.8988C44.6115 54.8988 44.5118 54.8979 44.349 54.8429L44.3466 54.8421L24.5651 48.382C23.9714 48.1426 23.5742 47.6174 23.5742 46.9862V21.0109C23.5742 20.3644 23.987 19.7892 24.5517 19.6194L24.5517 19.6194L24.5573 19.6176L44.3439 13.1576L44.3449 13.1573C44.7085 13.0369 44.9869 13.0423 45.2629 13.1522ZM43.0336 51.3729L43.0717 51.3854L43.1119 51.3853L43.1807 51.3851L43.4302 51.3846V51.1351V28.6979V28.5159L43.2571 28.46L36.728 26.3509L36.4011 26.2453V26.5888V38.1488C36.4011 38.9616 35.764 39.5988 34.9511 39.5988C34.1383 39.5988 33.5011 38.9616 33.5011 38.1488V25.4335V25.2515L33.328 25.1956L26.7989 23.0865L26.472 22.9809V23.3244V45.7644V45.9455L26.6442 46.0019L43.0336 51.3729ZM44.7345 25.9425L44.8118 25.9675L44.8891 25.9423L59.2389 21.2487L59.9657 21.011L59.2388 20.7734L44.8922 16.0852L44.8145 16.0598L44.7369 16.0852L30.3875 20.7761L29.6621 21.0132L30.3872 21.2513L34.9427 22.7467L35.0249 22.7737L35.1062 22.7441L42.3752 20.0955C43.1435 19.8633 43.95 20.2186 44.2381 20.968C44.5235 21.7106 44.1308 22.523 43.3647 22.8192L40.1034 23.9735L39.4074 24.2199L40.1099 24.4471L44.7345 25.9425ZM62.9776 46.0025L63.1508 45.9466L63.1508 45.7646L63.151 23.3272L63.151 22.9822L62.8232 23.0897L46.4338 28.4606L46.2617 28.517V28.6981V51.1381V51.4816L46.5885 51.376L53.1176 49.2669L53.2908 49.211V49.0291V40.5291C53.2908 39.6999 53.8721 39.0791 54.6717 39.0791C55.4845 39.0791 56.1217 39.7162 56.1217 40.5291V47.8737V48.2172L56.4485 48.1116L62.9776 46.0025Z\" fill=\"#F54653\" stroke=\"#F0F0F0\" stroke-width=\"0.5\"><\/path><path d=\"M3.4002 23.0996H15.4355C16.1709 23.0996 16.8232 23.7242 16.8855 24.5583C16.881 25.367 16.2455 25.9996 15.4355 25.9996H3.4002C2.58735 25.9996 1.9502 25.3625 1.9502 24.5496C1.9502 23.7368 2.58735 23.0996 3.4002 23.0996Z\" fill=\"#F54653\" stroke=\"#F0F0F0\" stroke-width=\"0.5\"><\/path><path d=\"M3.4002 32.55H15.4355C16.1883 32.55 16.8855 33.1935 16.8855 34C16.8855 34.8129 16.2484 35.45 15.4355 35.45H3.4002C2.58735 35.45 1.9502 34.8129 1.9502 34C1.9502 33.1872 2.58735 32.55 3.4002 32.55Z\" fill=\"#F54653\" stroke=\"#F0F0F0\" stroke-width=\"0.5\"><\/path><path d=\"M3.4002 42.001H15.4355C16.1883 42.001 16.8855 42.6444 16.8855 43.451C16.8855 44.2638 16.2484 44.901 15.4355 44.901H3.4002C2.58736 44.901 1.9502 44.2638 1.9502 43.451C1.9502 42.6381 2.58735 42.001 3.4002 42.001Z\" fill=\"#F54653\" stroke=\"#F0F0F0\" stroke-width=\"0.5\"><\/path><\/svg>\t\t\t\t<\/span>\n\t\t\t<\/div>\n\t\t\t\n\t\t\t\t\t\t<div class=\"elementor-icon-box-content\">\n\n\t\t\t\t\t\t\t\t\t<h5 class=\"elementor-icon-box-title\">\n\t\t\t\t\t\t<span  >\n\t\t\t\t\t\t\tSchnelle Lieferung\t\t\t\t\t\t<\/span>\n\t\t\t\t\t<\/h5>\n\t\t\t\t\n\t\t\t\t\t\t\t\t\t<p class=\"elementor-icon-box-description\">\n\t\t\t\t\t\tWir liefern immer aus unserem Vorrat.\t\t\t\t\t<\/p>\n\t\t\t\t\n\t\t\t<\/div>\n\t\t\t\n\t\t<\/div>\n\t\t\t\t\t\t<\/div>\n\t\t\t\t<\/div>\n\t\t\t\t\t<\/div>\n\t\t<\/div>\n\t\t\t\t<div class=\"elementor-column elementor-col-33 elementor-inner-column elementor-element elementor-element-60626536\" data-id=\"60626536\" data-element_type=\"column\" data-e-type=\"column\">\n\t\t\t<div class=\"elementor-widget-wrap elementor-element-populated\">\n\t\t\t\t\t\t<div class=\"elementor-element elementor-element-180248c8 elementor-view-default elementor-position-block-start elementor-mobile-position-block-start elementor-widget elementor-widget-icon-box\" data-id=\"180248c8\" data-element_type=\"widget\" data-e-type=\"widget\" data-widget_type=\"icon-box.default\">\n\t\t\t\t<div class=\"elementor-widget-container\">\n\t\t\t\t\t\t\t<div class=\"elementor-icon-box-wrapper\">\n\n\t\t\t\t\t\t<div class=\"elementor-icon-box-icon\">\n\t\t\t\t<span  class=\"elementor-icon\">\n\t\t\t\t<i aria-hidden=\"true\" class=\"icon icon-noun-brand-5512798-f54653-1\"><\/i>\t\t\t\t<\/span>\n\t\t\t<\/div>\n\t\t\t\n\t\t\t\t\t\t<div class=\"elementor-icon-box-content\">\n\n\t\t\t\t\t\t\t\t\t<h5 class=\"elementor-icon-box-title\">\n\t\t\t\t\t\t<span  >\n\t\t\t\t\t\t\tBester Preis\/Qualit\u00e4t\t\t\t\t\t\t<\/span>\n\t\t\t\t\t<\/h5>\n\t\t\t\t\n\t\t\t\t\t\t\t\t\t<p class=\"elementor-icon-box-description\">\n\t\t\t\t\t\tDie Qualit\u00e4t ist perfekt und die Margen sind gro\u00dfartig. \t\t\t\t\t<\/p>\n\t\t\t\t\n\t\t\t<\/div>\n\t\t\t\n\t\t<\/div>\n\t\t\t\t\t\t<\/div>\n\t\t\t\t<\/div>\n\t\t\t\t\t<\/div>\n\t\t<\/div>\n\t\t\t\t<div class=\"elementor-column elementor-col-33 elementor-inner-column elementor-element elementor-element-1af33fb5\" data-id=\"1af33fb5\" data-element_type=\"column\" data-e-type=\"column\">\n\t\t\t<div class=\"elementor-widget-wrap elementor-element-populated\">\n\t\t\t\t\t\t<div class=\"elementor-element elementor-element-21fd87b3 elementor-view-default elementor-position-block-start elementor-mobile-position-block-start elementor-widget elementor-widget-icon-box\" data-id=\"21fd87b3\" data-element_type=\"widget\" data-e-type=\"widget\" data-widget_type=\"icon-box.default\">\n\t\t\t\t<div class=\"elementor-widget-container\">\n\t\t\t\t\t\t\t<div class=\"elementor-icon-box-wrapper\">\n\n\t\t\t\t\t\t<div class=\"elementor-icon-box-icon\">\n\t\t\t\t<a href=\"\" class=\"elementor-icon\" tabindex=\"-1\" aria-label=\"Exklusive Rechte\">\n\t\t\t\t<i aria-hidden=\"true\" class=\"icon icon-noun-trade-4142527-f54653\"><\/i>\t\t\t\t<\/a>\n\t\t\t<\/div>\n\t\t\t\n\t\t\t\t\t\t<div class=\"elementor-icon-box-content\">\n\n\t\t\t\t\t\t\t\t\t<h5 class=\"elementor-icon-box-title\">\n\t\t\t\t\t\t<a href=\"\" >\n\t\t\t\t\t\t\tExklusive Rechte\t\t\t\t\t\t<\/a>\n\t\t\t\t\t<\/h5>\n\t\t\t\t\n\t\t\t\t\t\t\t\t\t<p class=\"elementor-icon-box-description\">\n\t\t\t\t\t\tSch\u00fctzen Sie Ihr Unternehmen. Bitte kontaktieren Sie uns unter <u>info@savs.me<\/u>\t\t\t\t\t<\/p>\n\t\t\t\t\n\t\t\t<\/div>\n\t\t\t\n\t\t<\/div>\n\t\t\t\t\t\t<\/div>\n\t\t\t\t<\/div>\n\t\t\t\t\t<\/div>\n\t\t<\/div>\n\t\t\t\t\t<\/div>\n\t\t<\/section>\n\t\t\t\t<section class=\"elementor-section elementor-inner-section elementor-element elementor-element-6b00cd23 elementor-section-boxed elementor-section-height-default elementor-section-height-default\" data-id=\"6b00cd23\" data-element_type=\"section\" data-e-type=\"section\">\n\t\t\t\t\t\t<div class=\"elementor-container elementor-column-gap-default\">\n\t\t\t\t\t<div class=\"elementor-column elementor-col-100 elementor-inner-column elementor-element elementor-element-4b3cb621\" data-id=\"4b3cb621\" data-element_type=\"column\" data-e-type=\"column\">\n\t\t\t<div class=\"elementor-widget-wrap elementor-element-populated\">\n\t\t\t\t\t\t<div class=\"elementor-element elementor-element-3e757ef4 elementor-widget elementor-widget-heading\" data-id=\"3e757ef4\" data-element_type=\"widget\" data-e-type=\"widget\" data-widget_type=\"heading.default\">\n\t\t\t\t<div class=\"elementor-widget-container\">\n\t\t\t\t\t<h4 class=\"elementor-heading-title elementor-size-default\">Werden Sie Partner, werden Sie noch heute Wiederverk\u00e4ufer.<\/h4>\t\t\t\t<\/div>\n\t\t\t\t<\/div>\n\t\t\t\t<div class=\"elementor-element elementor-element-1027d3be elementor-align-center elementor-widget elementor-widget-button\" data-id=\"1027d3be\" data-element_type=\"widget\" data-e-type=\"widget\" data-widget_type=\"button.default\">\n\t\t\t\t<div class=\"elementor-widget-container\">\n\t\t\t\t\t\t\t\t\t<div class=\"elementor-button-wrapper\">\n\t\t\t\t\t<a class=\"elementor-button elementor-button-link elementor-size-sm\" href=\"#elementor-action%3Aaction%3Dpopup%3Aopen%26settings%3DeyJpZCI6MzAzMiwidG9nZ2xlIjpmYWxzZX0%3D\">\n\t\t\t\t\t\t<span class=\"elementor-button-content-wrapper\">\n\t\t\t\t\t\t\t\t\t<span class=\"elementor-button-text\">Kontakt aufnehmen<\/span>\n\t\t\t\t\t<\/span>\n\t\t\t\t\t<\/a>\n\t\t\t\t<\/div>\n\t\t\t\t\t\t\t\t<\/div>\n\t\t\t\t<\/div>\n\t\t\t\t\t<\/div>\n\t\t<\/div>\n\t\t\t\t\t<\/div>\n\t\t<\/section>\n\t\t\t\t\t<\/div>\n\t\t<\/div>\n\t\t\t\t\t<\/div>\n\t\t<\/section>\n\t\t\t\t<\/div>\n\t\t","protected":false},"excerpt":{"rendered":"<p>Verbinden mit RF und WiFi Smart Home Melder Serie Machen Sie sich bereit f\u00fcr ein komplettes Sortiment an Meldern mit<\/p>\n","protected":false},"author":1,"featured_media":0,"parent":0,"menu_order":0,"comment_status":"closed","ping_status":"closed","template":"","meta":{"_acf_changed":false,"footnotes":""},"class_list":["post-3006","page","type-page","status-publish","hentry"],"acf":[],"yoast_head":"<!-- This site is optimized with the Yoast SEO plugin v27.0 - https:\/\/yoast.com\/product\/yoast-seo-wordpress\/ -->\n<title>SAVS\u00ae - Saves Lifes smart home. \u00dcberwachen und verwalten Sie Ihre Melder.<\/title>\n<meta name=\"description\" content=\"Machen Sie sich bereit f\u00fcr ein komplettes Sortiment an Meldern mit WiFi- und RF-Konnektivit\u00e4t. Verbinden Sie Ihren Rauch-, CO- und W\u00e4rmemelder \u00fcber Wifi. \u00dcberwachen und verwalten Sie jetzt.\" \/>\n<meta name=\"robots\" content=\"index, follow, max-snippet:-1, max-image-preview:large, max-video-preview:-1\" \/>\n<link rel=\"canonical\" href=\"https:\/\/savs.me\/de\/smart-home\/\" \/>\n<meta property=\"og:locale\" content=\"de_DE\" \/>\n<meta property=\"og:type\" content=\"article\" \/>\n<meta property=\"og:title\" content=\"SAVS\u00ae - Saves Lifes smart home. \u00dcberwachen und verwalten Sie Ihre Melder.\" \/>\n<meta property=\"og:description\" content=\"Machen Sie sich bereit f\u00fcr ein komplettes Sortiment an Meldern mit WiFi- und RF-Konnektivit\u00e4t. Verbinden Sie Ihren Rauch-, CO- und W\u00e4rmemelder \u00fcber Wifi. \u00dcberwachen und verwalten Sie jetzt.\" \/>\n<meta property=\"og:url\" content=\"https:\/\/savs.me\/de\/smart-home\/\" \/>\n<meta property=\"og:site_name\" content=\"SAVS\" \/>\n<meta property=\"article:modified_time\" content=\"2023-11-07T14:42:03+00:00\" \/>\n<meta property=\"og:image\" content=\"https:\/\/savs.me\/wp-content\/uploads\/2023\/09\/image-removebg-preview-4.webp\" \/>\n\t<meta property=\"og:image:width\" content=\"488\" \/>\n\t<meta property=\"og:image:height\" content=\"511\" \/>\n\t<meta property=\"og:image:type\" content=\"image\/webp\" \/>\n<meta name=\"twitter:card\" content=\"summary_large_image\" \/>\n<meta name=\"twitter:label1\" content=\"Gesch\u00e4tzte Lesezeit\" \/>\n\t<meta name=\"twitter:data1\" content=\"1\u00a0Minute\" \/>\n<script type=\"application\/ld+json\" class=\"yoast-schema-graph\">{\"@context\":\"https:\/\/schema.org\",\"@graph\":[{\"@type\":\"WebPage\",\"@id\":\"https:\/\/savs.me\/de\/smart-home\/\",\"url\":\"https:\/\/savs.me\/de\/smart-home\/\",\"name\":\"SAVS\u00ae - Saves Lifes smart home. \u00dcberwachen und verwalten Sie Ihre Melder.\",\"isPartOf\":{\"@id\":\"https:\/\/savs.me\/de\/#website\"},\"datePublished\":\"2023-07-07T13:38:39+00:00\",\"dateModified\":\"2023-11-07T14:42:03+00:00\",\"description\":\"Machen Sie sich bereit f\u00fcr ein komplettes Sortiment an Meldern mit WiFi- und RF-Konnektivit\u00e4t. Verbinden Sie Ihren Rauch-, CO- und W\u00e4rmemelder \u00fcber Wifi. \u00dcberwachen und verwalten Sie jetzt.\",\"breadcrumb\":{\"@id\":\"https:\/\/savs.me\/de\/smart-home\/#breadcrumb\"},\"inLanguage\":\"de\",\"potentialAction\":[{\"@type\":\"ReadAction\",\"target\":[\"https:\/\/savs.me\/de\/smart-home\/\"]}]},{\"@type\":\"BreadcrumbList\",\"@id\":\"https:\/\/savs.me\/de\/smart-home\/#breadcrumb\",\"itemListElement\":[{\"@type\":\"ListItem\",\"position\":1,\"name\":\"Home\",\"item\":\"https:\/\/savs.me\/de\/\"},{\"@type\":\"ListItem\",\"position\":2,\"name\":\"Smart Home\"}]},{\"@type\":\"WebSite\",\"@id\":\"https:\/\/savs.me\/de\/#website\",\"url\":\"https:\/\/savs.me\/de\/\",\"name\":\"SAVS\",\"description\":\"Saves Lives\",\"publisher\":{\"@id\":\"https:\/\/savs.me\/de\/#organization\"},\"potentialAction\":[{\"@type\":\"SearchAction\",\"target\":{\"@type\":\"EntryPoint\",\"urlTemplate\":\"https:\/\/savs.me\/de\/?s={search_term_string}\"},\"query-input\":{\"@type\":\"PropertyValueSpecification\",\"valueRequired\":true,\"valueName\":\"search_term_string\"}}],\"inLanguage\":\"de\"},{\"@type\":\"Organization\",\"@id\":\"https:\/\/savs.me\/de\/#organization\",\"name\":\"SAVS\",\"url\":\"https:\/\/savs.me\/de\/\",\"logo\":{\"@type\":\"ImageObject\",\"inLanguage\":\"de\",\"@id\":\"https:\/\/savs.me\/de\/#\/schema\/logo\/image\/\",\"url\":\"https:\/\/savs.me\/wp-content\/uploads\/2023\/07\/SAVS_logo_payoff_right_360.jpg\",\"contentUrl\":\"https:\/\/savs.me\/wp-content\/uploads\/2023\/07\/SAVS_logo_payoff_right_360.jpg\",\"width\":419,\"height\":129,\"caption\":\"SAVS\"},\"image\":{\"@id\":\"https:\/\/savs.me\/de\/#\/schema\/logo\/image\/\"}}]}<\/script>\n<!-- \/ Yoast SEO plugin. -->","yoast_head_json":{"title":"SAVS\u00ae - Saves Lifes smart home. \u00dcberwachen und verwalten Sie Ihre Melder.","description":"Machen Sie sich bereit f\u00fcr ein komplettes Sortiment an Meldern mit WiFi- und RF-Konnektivit\u00e4t. Verbinden Sie Ihren Rauch-, CO- und W\u00e4rmemelder \u00fcber Wifi. \u00dcberwachen und verwalten Sie jetzt.","robots":{"index":"index","follow":"follow","max-snippet":"max-snippet:-1","max-image-preview":"max-image-preview:large","max-video-preview":"max-video-preview:-1"},"canonical":"https:\/\/savs.me\/de\/smart-home\/","og_locale":"de_DE","og_type":"article","og_title":"SAVS\u00ae - Saves Lifes smart home. \u00dcberwachen und verwalten Sie Ihre Melder.","og_description":"Machen Sie sich bereit f\u00fcr ein komplettes Sortiment an Meldern mit WiFi- und RF-Konnektivit\u00e4t. Verbinden Sie Ihren Rauch-, CO- und W\u00e4rmemelder \u00fcber Wifi. \u00dcberwachen und verwalten Sie jetzt.","og_url":"https:\/\/savs.me\/de\/smart-home\/","og_site_name":"SAVS","article_modified_time":"2023-11-07T14:42:03+00:00","og_image":[{"width":488,"height":511,"url":"https:\/\/savs.me\/wp-content\/uploads\/2023\/09\/image-removebg-preview-4.webp","type":"image\/webp"}],"twitter_card":"summary_large_image","twitter_misc":{"Gesch\u00e4tzte Lesezeit":"1\u00a0Minute"},"schema":{"@context":"https:\/\/schema.org","@graph":[{"@type":"WebPage","@id":"https:\/\/savs.me\/de\/smart-home\/","url":"https:\/\/savs.me\/de\/smart-home\/","name":"SAVS\u00ae - Saves Lifes smart home. \u00dcberwachen und verwalten Sie Ihre Melder.","isPartOf":{"@id":"https:\/\/savs.me\/de\/#website"},"datePublished":"2023-07-07T13:38:39+00:00","dateModified":"2023-11-07T14:42:03+00:00","description":"Machen Sie sich bereit f\u00fcr ein komplettes Sortiment an Meldern mit WiFi- und RF-Konnektivit\u00e4t. Verbinden Sie Ihren Rauch-, CO- und W\u00e4rmemelder \u00fcber Wifi. \u00dcberwachen und verwalten Sie jetzt.","breadcrumb":{"@id":"https:\/\/savs.me\/de\/smart-home\/#breadcrumb"},"inLanguage":"de","potentialAction":[{"@type":"ReadAction","target":["https:\/\/savs.me\/de\/smart-home\/"]}]},{"@type":"BreadcrumbList","@id":"https:\/\/savs.me\/de\/smart-home\/#breadcrumb","itemListElement":[{"@type":"ListItem","position":1,"name":"Home","item":"https:\/\/savs.me\/de\/"},{"@type":"ListItem","position":2,"name":"Smart Home"}]},{"@type":"WebSite","@id":"https:\/\/savs.me\/de\/#website","url":"https:\/\/savs.me\/de\/","name":"SAVS","description":"Saves Lives","publisher":{"@id":"https:\/\/savs.me\/de\/#organization"},"potentialAction":[{"@type":"SearchAction","target":{"@type":"EntryPoint","urlTemplate":"https:\/\/savs.me\/de\/?s={search_term_string}"},"query-input":{"@type":"PropertyValueSpecification","valueRequired":true,"valueName":"search_term_string"}}],"inLanguage":"de"},{"@type":"Organization","@id":"https:\/\/savs.me\/de\/#organization","name":"SAVS","url":"https:\/\/savs.me\/de\/","logo":{"@type":"ImageObject","inLanguage":"de","@id":"https:\/\/savs.me\/de\/#\/schema\/logo\/image\/","url":"https:\/\/savs.me\/wp-content\/uploads\/2023\/07\/SAVS_logo_payoff_right_360.jpg","contentUrl":"https:\/\/savs.me\/wp-content\/uploads\/2023\/07\/SAVS_logo_payoff_right_360.jpg","width":419,"height":129,"caption":"SAVS"},"image":{"@id":"https:\/\/savs.me\/de\/#\/schema\/logo\/image\/"}}]}},"_links":{"self":[{"href":"https:\/\/savs.me\/de\/wp-json\/wp\/v2\/pages\/3006","targetHints":{"allow":["GET"]}}],"collection":[{"href":"https:\/\/savs.me\/de\/wp-json\/wp\/v2\/pages"}],"about":[{"href":"https:\/\/savs.me\/de\/wp-json\/wp\/v2\/types\/page"}],"author":[{"embeddable":true,"href":"https:\/\/savs.me\/de\/wp-json\/wp\/v2\/users\/1"}],"replies":[{"embeddable":true,"href":"https:\/\/savs.me\/de\/wp-json\/wp\/v2\/comments?post=3006"}],"version-history":[{"count":0,"href":"https:\/\/savs.me\/de\/wp-json\/wp\/v2\/pages\/3006\/revisions"}],"wp:attachment":[{"href":"https:\/\/savs.me\/de\/wp-json\/wp\/v2\/media?parent=3006"}],"curies":[{"name":"wp","href":"https:\/\/api.w.org\/{rel}","templated":true}]}}